{"id":9010,"date":"2024-01-10T11:43:52","date_gmt":"2024-01-10T10:43:52","guid":{"rendered":"https:\/\/gute-quellen.koeln\/?page_id=9010"},"modified":"2024-04-30T07:52:59","modified_gmt":"2024-04-30T06:52:59","slug":"beratung-in-koeln","status":"publish","type":"page","link":"https:\/\/gute-quellen.koeln\/pt\/weitere-hilfen\/beratung-in-koeln\/","title":{"rendered":"Aconselhamento - Assist\u00eancia suplementar"},"content":{"rendered":"<div data-elementor-type=\"wp-page\" data-elementor-id=\"9010\" class=\"elementor elementor-9010\" data-elementor-post-type=\"page\">\n\t\t\t\t<div class=\"elementor-element elementor-element-e7b9f7d e-flex e-con-boxed e-con e-parent\" data-id=\"e7b9f7d\" data-element_type=\"container\" data-e-type=\"container\" data-settings=\"{&quot;background_background&quot;:&quot;classic&quot;}\">\n\t\t\t\t\t<div class=\"e-con-inner\">\n\t\t\t\t<div class=\"elementor-element elementor-element-0923ddd elementor-widget elementor-widget-breadcrumbs\" data-id=\"0923ddd\" data-element_type=\"widget\" data-e-type=\"widget\" data-widget_type=\"breadcrumbs.default\">\n\t\t\t\t<div class=\"elementor-widget-container\">\n\t\t\t\t\t<p id=\"breadcrumbs\"><span><span><a href=\"https:\/\/gute-quellen.koeln\/pt\/\">P\u00e1gina inicial<\/a><\/span><\/span><\/p>\t\t\t\t<\/div>\n\t\t\t\t<\/div>\n\t\t\t\t\t<\/div>\n\t\t\t\t<\/div>\n\t\t<div class=\"elementor-element elementor-element-9ef13d1 e-flex e-con-boxed e-con e-parent\" data-id=\"9ef13d1\" data-element_type=\"container\" data-e-type=\"container\" data-settings=\"{&quot;background_background&quot;:&quot;classic&quot;}\">\n\t\t\t\t\t<div class=\"e-con-inner\">\n\t\t\t\t<div class=\"elementor-element elementor-element-780d58e elementor-widget elementor-widget-heading\" data-id=\"780d58e\" data-element_type=\"widget\" data-e-type=\"widget\" data-widget_type=\"heading.default\">\n\t\t\t\t<div class=\"elementor-widget-container\">\n\t\t\t\t\t<h1 class=\"elementor-heading-title elementor-size-default\">Aconselhamento - Toda a assist\u00eancia<\/h1>\t\t\t\t<\/div>\n\t\t\t\t<\/div>\n\t\t\t\t\t<\/div>\n\t\t\t\t<\/div>\n\t\t<div class=\"elementor-element elementor-element-a48a2ce e-flex e-con-boxed e-con e-parent\" data-id=\"a48a2ce\" data-element_type=\"container\" data-e-type=\"container\">\n\t\t\t\t\t<div class=\"e-con-inner\">\n\t\t\t\t<div class=\"elementor-element elementor-element-ff5f453 elementor-widget elementor-widget-heading\" data-id=\"ff5f453\" data-element_type=\"widget\" data-e-type=\"widget\" data-widget_type=\"heading.default\">\n\t\t\t\t<div class=\"elementor-widget-container\">\n\t\t\t\t\t<h2 class=\"elementor-heading-title elementor-size-default\">Outras consultas em Col\u00f3nia<\/h2>\t\t\t\t<\/div>\n\t\t\t\t<\/div>\n\t\t\t\t<div class=\"elementor-element elementor-element-569eee1 elementor-widget elementor-widget-text-editor\" data-id=\"569eee1\" data-element_type=\"widget\" data-e-type=\"widget\" data-widget_type=\"text-editor.default\">\n\t\t\t\t<div class=\"elementor-widget-container\">\n\t\t\t\t\t\t\t\t\t<p>Nestas p\u00e1ginas, encontrar\u00e1 v\u00e1rios servi\u00e7os de aconselhamento que n\u00e3o foram atribu\u00eddos aos dom\u00ednios \"Perda iminente de habita\u00e7\u00e3o\" ou \"Ajuda \u00e0 pobreza iminente na velhice\".<\/p>\t\t\t\t\t\t\t\t<\/div>\n\t\t\t\t<\/div>\n\t\t\t\t\t<\/div>\n\t\t\t\t<\/div>\n\t\t<div class=\"elementor-element elementor-element-6a3e5b0 e-flex e-con-boxed e-con e-parent\" data-id=\"6a3e5b0\" data-element_type=\"container\" data-e-type=\"container\">\n\t\t\t\t\t<div class=\"e-con-inner\">\n\t\t<div class=\"elementor-element elementor-element-475d058 e-con-full e-transform e-flex e-con e-child\" data-id=\"475d058\" data-element_type=\"container\" data-e-type=\"container\" data-settings=\"{&quot;background_background&quot;:&quot;classic&quot;,&quot;_transform_translateY_effect_hover&quot;:{&quot;unit&quot;:&quot;px&quot;,&quot;size&quot;:-10,&quot;sizes&quot;:[]},&quot;_transform_translateX_effect_hover&quot;:{&quot;unit&quot;:&quot;px&quot;,&quot;size&quot;:&quot;&quot;,&quot;sizes&quot;:[]},&quot;_transform_translateX_effect_hover_tablet&quot;:{&quot;unit&quot;:&quot;px&quot;,&quot;size&quot;:&quot;&quot;,&quot;sizes&quot;:[]},&quot;_transform_translateX_effect_hover_mobile&quot;:{&quot;unit&quot;:&quot;px&quot;,&quot;size&quot;:&quot;&quot;,&quot;sizes&quot;:[]},&quot;_transform_translateY_effect_hover_tablet&quot;:{&quot;unit&quot;:&quot;px&quot;,&quot;size&quot;:&quot;&quot;,&quot;sizes&quot;:[]},&quot;_transform_translateY_effect_hover_mobile&quot;:{&quot;unit&quot;:&quot;px&quot;,&quot;size&quot;:&quot;&quot;,&quot;sizes&quot;:[]}}\">\n\t\t\t\t<div class=\"elementor-element elementor-element-e73ff67 elementor-widget elementor-widget-image\" data-id=\"e73ff67\" data-element_type=\"widget\" data-e-type=\"widget\" data-widget_type=\"image.default\">\n\t\t\t\t<div class=\"elementor-widget-container\">\n\t\t\t\t\t\t\t\t\t\t\t\t\t\t\t\t<a href=\"https:\/\/gute-quellen.koeln\/pt\/weitere-hilfen\/beratung-in-koeln\/sozialpsychiatrischer-dienst\/\">\n\t\t\t\t\t\t\t<img fetchpriority=\"high\" decoding=\"async\" width=\"1254\" height=\"836\" src=\"https:\/\/gute-quellen.koeln\/wp-content\/uploads\/2023\/12\/wohnen-sovd.jpg\" class=\"attachment-full size-full wp-image-9809\" alt=\"\" srcset=\"https:\/\/gute-quellen.koeln\/wp-content\/uploads\/2023\/12\/wohnen-sovd.jpg 1254w, https:\/\/gute-quellen.koeln\/wp-content\/uploads\/2023\/12\/wohnen-sovd-300x200.jpg 300w, https:\/\/gute-quellen.koeln\/wp-content\/uploads\/2023\/12\/wohnen-sovd-1024x683.jpg 1024w, https:\/\/gute-quellen.koeln\/wp-content\/uploads\/2023\/12\/wohnen-sovd-768x512.jpg 768w, https:\/\/gute-quellen.koeln\/wp-content\/uploads\/2023\/12\/wohnen-sovd-600x400.jpg 600w, https:\/\/gute-quellen.koeln\/wp-content\/uploads\/2023\/12\/wohnen-sovd-560x373.jpg 560w\" sizes=\"(max-width: 1254px) 100vw, 1254px\" \/>\t\t\t\t\t\t\t\t<\/a>\n\t\t\t\t\t\t\t\t\t\t\t\t\t\t\t<\/div>\n\t\t\t\t<\/div>\n\t\t\t\t<div class=\"elementor-element elementor-element-bc0bae3 elementor-widget elementor-widget-heading\" data-id=\"bc0bae3\" data-element_type=\"widget\" data-e-type=\"widget\" data-widget_type=\"heading.default\">\n\t\t\t\t<div class=\"elementor-widget-container\">\n\t\t\t\t\t<h2 class=\"elementor-heading-title elementor-size-default\"><a href=\"https:\/\/gute-quellen.koeln\/pt\/weitere-hilfen\/beratung-in-koeln\/sozialpsychiatrischer-dienst\/\">Servi\u00e7o de psiquiatria social<\/a><\/h2>\t\t\t\t<\/div>\n\t\t\t\t<\/div>\n\t\t\t\t<div class=\"elementor-element elementor-element-80cd6bb elementor-view-default elementor-widget elementor-widget-icon\" data-id=\"80cd6bb\" data-element_type=\"widget\" data-e-type=\"widget\" data-widget_type=\"icon.default\">\n\t\t\t\t<div class=\"elementor-widget-container\">\n\t\t\t\t\t\t\t<div class=\"elementor-icon-wrapper\">\n\t\t\t<a class=\"elementor-icon\" href=\"https:\/\/gute-quellen.koeln\/pt\/weitere-hilfen\/beratung-in-koeln\/sozialpsychiatrischer-dienst\/\">\n\t\t\t<svg aria-hidden=\"true\" class=\"e-font-icon-svg e-fas-arrow-circle-right\" viewbox=\"0 0 512 512\" xmlns=\"http:\/\/www.w3.org\/2000\/svg\"><path d=\"M256 8c137 0 248 111 248 248S393 504 256 504 8 393 8 256 119 8 256 8zm-28.9 143.6l75.5 72.4H120c-13.3 0-24 10.7-24 24v16c0 13.3 10.7 24 24 24h182.6l-75.5 72.4c-9.7 9.3-9.9 24.8-.4 34.3l11 10.9c9.4 9.4 24.6 9.4 33.9 0L404.3 273c9.4-9.4 9.4-24.6 0-33.9L271.6 106.3c-9.4-9.4-24.6-9.4-33.9 0l-11 10.9c-9.5 9.6-9.3 25.1.4 34.4z\"><\/path><\/svg>\t\t\t<\/a>\n\t\t<\/div>\n\t\t\t\t\t\t<\/div>\n\t\t\t\t<\/div>\n\t\t\t\t<\/div>\n\t\t<div class=\"elementor-element elementor-element-9f6fea9 e-con-full e-transform e-flex e-con e-child\" data-id=\"9f6fea9\" data-element_type=\"container\" data-e-type=\"container\" data-settings=\"{&quot;background_background&quot;:&quot;classic&quot;,&quot;_transform_translateY_effect_hover&quot;:{&quot;unit&quot;:&quot;px&quot;,&quot;size&quot;:-10,&quot;sizes&quot;:[]},&quot;_transform_translateX_effect_hover&quot;:{&quot;unit&quot;:&quot;px&quot;,&quot;size&quot;:&quot;&quot;,&quot;sizes&quot;:[]},&quot;_transform_translateX_effect_hover_tablet&quot;:{&quot;unit&quot;:&quot;px&quot;,&quot;size&quot;:&quot;&quot;,&quot;sizes&quot;:[]},&quot;_transform_translateX_effect_hover_mobile&quot;:{&quot;unit&quot;:&quot;px&quot;,&quot;size&quot;:&quot;&quot;,&quot;sizes&quot;:[]},&quot;_transform_translateY_effect_hover_tablet&quot;:{&quot;unit&quot;:&quot;px&quot;,&quot;size&quot;:&quot;&quot;,&quot;sizes&quot;:[]},&quot;_transform_translateY_effect_hover_mobile&quot;:{&quot;unit&quot;:&quot;px&quot;,&quot;size&quot;:&quot;&quot;,&quot;sizes&quot;:[]}}\">\n\t\t\t\t<div class=\"elementor-element elementor-element-d81ff9c elementor-widget elementor-widget-image\" data-id=\"d81ff9c\" data-element_type=\"widget\" data-e-type=\"widget\" data-widget_type=\"image.default\">\n\t\t\t\t<div class=\"elementor-widget-container\">\n\t\t\t\t\t\t\t\t\t\t\t\t\t\t\t\t<a href=\"https:\/\/gute-quellen.koeln\/pt\/weitere-hilfen\/beratung-in-koeln\/schuldnerberatung\/\">\n\t\t\t\t\t\t\t<img decoding=\"async\" width=\"1254\" height=\"836\" src=\"https:\/\/gute-quellen.koeln\/wp-content\/uploads\/2023\/12\/rente-grundsicherung-1.jpg\" class=\"attachment-full size-full wp-image-10398\" alt=\"\" srcset=\"https:\/\/gute-quellen.koeln\/wp-content\/uploads\/2023\/12\/rente-grundsicherung-1.jpg 1254w, https:\/\/gute-quellen.koeln\/wp-content\/uploads\/2023\/12\/rente-grundsicherung-1-300x200.jpg 300w, https:\/\/gute-quellen.koeln\/wp-content\/uploads\/2023\/12\/rente-grundsicherung-1-1024x683.jpg 1024w, https:\/\/gute-quellen.koeln\/wp-content\/uploads\/2023\/12\/rente-grundsicherung-1-768x512.jpg 768w, https:\/\/gute-quellen.koeln\/wp-content\/uploads\/2023\/12\/rente-grundsicherung-1-600x400.jpg 600w, https:\/\/gute-quellen.koeln\/wp-content\/uploads\/2023\/12\/rente-grundsicherung-1-560x373.jpg 560w\" sizes=\"(max-width: 1254px) 100vw, 1254px\" \/>\t\t\t\t\t\t\t\t<\/a>\n\t\t\t\t\t\t\t\t\t\t\t\t\t\t\t<\/div>\n\t\t\t\t<\/div>\n\t\t\t\t<div class=\"elementor-element elementor-element-a82855d elementor-widget elementor-widget-heading\" data-id=\"a82855d\" data-element_type=\"widget\" data-e-type=\"widget\" data-widget_type=\"heading.default\">\n\t\t\t\t<div class=\"elementor-widget-container\">\n\t\t\t\t\t<h2 class=\"elementor-heading-title elementor-size-default\"><a href=\"https:\/\/gute-quellen.koeln\/pt\/weitere-hilfen\/beratung-in-koeln\/schuldnerberatung\/\">Aconselhamento em mat\u00e9ria de d\u00edvidas<\/a><\/h2>\t\t\t\t<\/div>\n\t\t\t\t<\/div>\n\t\t\t\t<div class=\"elementor-element elementor-element-25b6f8a elementor-view-default elementor-widget elementor-widget-icon\" data-id=\"25b6f8a\" data-element_type=\"widget\" data-e-type=\"widget\" data-widget_type=\"icon.default\">\n\t\t\t\t<div class=\"elementor-widget-container\">\n\t\t\t\t\t\t\t<div class=\"elementor-icon-wrapper\">\n\t\t\t<a class=\"elementor-icon\" href=\"https:\/\/gute-quellen.koeln\/pt\/weitere-hilfen\/beratung-in-koeln\/schuldnerberatung\/\">\n\t\t\t<svg aria-hidden=\"true\" class=\"e-font-icon-svg e-fas-arrow-circle-right\" viewbox=\"0 0 512 512\" xmlns=\"http:\/\/www.w3.org\/2000\/svg\"><path d=\"M256 8c137 0 248 111 248 248S393 504 256 504 8 393 8 256 119 8 256 8zm-28.9 143.6l75.5 72.4H120c-13.3 0-24 10.7-24 24v16c0 13.3 10.7 24 24 24h182.6l-75.5 72.4c-9.7 9.3-9.9 24.8-.4 34.3l11 10.9c9.4 9.4 24.6 9.4 33.9 0L404.3 273c9.4-9.4 9.4-24.6 0-33.9L271.6 106.3c-9.4-9.4-24.6-9.4-33.9 0l-11 10.9c-9.5 9.6-9.3 25.1.4 34.4z\"><\/path><\/svg>\t\t\t<\/a>\n\t\t<\/div>\n\t\t\t\t\t\t<\/div>\n\t\t\t\t<\/div>\n\t\t\t\t<\/div>\n\t\t\t\t\t<\/div>\n\t\t\t\t<\/div>\n\t\t<div class=\"elementor-element elementor-element-04be6f8 e-flex e-con-boxed e-con e-parent\" data-id=\"04be6f8\" data-element_type=\"container\" data-e-type=\"container\">\n\t\t\t\t\t<div class=\"e-con-inner\">\n\t\t<div class=\"elementor-element elementor-element-40703d4 e-con-full e-flex e-con e-child\" data-id=\"40703d4\" data-element_type=\"container\" data-e-type=\"container\">\n\t\t\t\t<div class=\"elementor-element elementor-element-3cf57ef elementor-widget elementor-widget-button\" data-id=\"3cf57ef\" data-element_type=\"widget\" data-e-type=\"widget\" data-widget_type=\"button.default\">\n\t\t\t\t<div class=\"elementor-widget-container\">\n\t\t\t\t\t\t\t\t\t<div class=\"elementor-button-wrapper\">\n\t\t\t\t\t<a class=\"elementor-button elementor-button-link elementor-size-md elementor-animation-grow\" href=\"https:\/\/gute-quellen.koeln\/pt\/weitere-hilfen\/gute-spartipps\/\">\n\t\t\t\t\t\t<span class=\"elementor-button-content-wrapper\">\n\t\t\t\t\t\t<span class=\"elementor-button-icon\">\n\t\t\t\t<svg aria-hidden=\"true\" class=\"e-font-icon-svg e-fas-chevron-left\" viewbox=\"0 0 320 512\" xmlns=\"http:\/\/www.w3.org\/2000\/svg\"><path d=\"M34.52 239.03L228.87 44.69c9.37-9.37 24.57-9.37 33.94 0l22.67 22.67c9.36 9.36 9.37 24.52.04 33.9L131.49 256l154.02 154.75c9.34 9.38 9.32 24.54-.04 33.9l-22.67 22.67c-9.37 9.37-24.57 9.37-33.94 0L34.52 272.97c-9.37-9.37-9.37-24.57 0-33.94z\"><\/path><\/svg>\t\t\t<\/span>\n\t\t\t\t\t\t\t\t\t<span class=\"elementor-button-text\">Boas dicas de poupan\u00e7a<\/span>\n\t\t\t\t\t<\/span>\n\t\t\t\t\t<\/a>\n\t\t\t\t<\/div>\n\t\t\t\t\t\t\t\t<\/div>\n\t\t\t\t<\/div>\n\t\t\t\t<div class=\"elementor-element elementor-element-d871c14 elementor-widget elementor-widget-button\" data-id=\"d871c14\" data-element_type=\"widget\" data-e-type=\"widget\" data-widget_type=\"button.default\">\n\t\t\t\t<div class=\"elementor-widget-container\">\n\t\t\t\t\t\t\t\t\t<div class=\"elementor-button-wrapper\">\n\t\t\t\t\t<a class=\"elementor-button elementor-size-md elementor-animation-grow\" role=\"button\">\n\t\t\t\t\t\t<span class=\"elementor-button-content-wrapper\">\n\t\t\t\t\t\t<span class=\"elementor-button-icon\">\n\t\t\t\t<svg aria-hidden=\"true\" class=\"e-font-icon-svg e-fas-chevron-right\" viewbox=\"0 0 320 512\" xmlns=\"http:\/\/www.w3.org\/2000\/svg\"><path d=\"M285.476 272.971L91.132 467.314c-9.373 9.373-24.569 9.373-33.941 0l-22.667-22.667c-9.357-9.357-9.375-24.522-.04-33.901L188.505 256 34.484 101.255c-9.335-9.379-9.317-24.544.04-33.901l22.667-22.667c9.373-9.373 24.569-9.373 33.941 0L285.475 239.03c9.373 9.372 9.373 24.568.001 33.941z\"><\/path><\/svg>\t\t\t<\/span>\n\t\t\t\t\t\t\t\t\t<span class=\"elementor-button-text\">Participa\u00e7\u00e3o<\/span>\n\t\t\t\t\t<\/span>\n\t\t\t\t\t<\/a>\n\t\t\t\t<\/div>\n\t\t\t\t\t\t\t\t<\/div>\n\t\t\t\t<\/div>\n\t\t\t\t<\/div>\n\t\t\t\t\t<\/div>\n\t\t\t\t<\/div>\n\t\t\t\t<\/div>","protected":false},"excerpt":{"rendered":"<p>Aconselhamento - Toda a ajuda Outros servi\u00e7os de aconselhamento em Col\u00f3nia Nestas p\u00e1ginas, encontrar\u00e1 v\u00e1rios servi\u00e7os de aconselhamento que n\u00e3o foram atribu\u00eddos \u00e0s \u00e1reas de \"Perda iminente de habita\u00e7\u00e3o\" ou \"Ajuda em caso de pobreza iminente na velhice\". Servi\u00e7o de psiquiatria social Aconselhamento sobre d\u00edvidas Conselhos de poupan\u00e7a Participa\u00e7\u00e3o<\/p>","protected":false},"author":4,"featured_media":0,"parent":5988,"menu_order":0,"comment_status":"closed","ping_status":"closed","template":"elementor_header_footer","meta":{"_monsterinsights_skip_tracking":false,"_monsterinsights_sitenote_active":false,"_monsterinsights_sitenote_note":"","_monsterinsights_sitenote_category":0,"footnotes":""},"class_list":["post-9010","page","type-page","status-publish","hentry"],"yoast_head":"<!-- This site is optimized with the Yoast SEO plugin v27.0 - https:\/\/yoast.com\/product\/yoast-seo-wordpress\/ -->\n<title>Beratung - Weitere Hilfen - Gute-Quellen.Koeln<\/title>\n<meta name=\"robots\" content=\"index, follow, max-snippet:-1, max-image-preview:large, max-video-preview:-1\" \/>\n<link rel=\"canonical\" href=\"https:\/\/gute-quellen.koeln\/pt\/weitere-hilfen\/beratung-in-koeln\/\" \/>\n<meta property=\"og:locale\" content=\"pt_PT\" \/>\n<meta property=\"og:type\" content=\"article\" \/>\n<meta property=\"og:title\" content=\"Beratung - Weitere Hilfen - Gute-Quellen.Koeln\" \/>\n<meta property=\"og:description\" content=\"Beratung &#8211; Alle Hilfen Weitere Beratungen in K\u00f6ln Auf diesen Seiten finden Sie verschiedene Beratungsangebote, die wir nicht den Bereichen \u201cDrohender Wohnungsverlust\u201d oder \u201cHilfen bei drohender Altersarmut\u201d zugeordnet haben. Sozialpsychiatrischer Dienst Schuldnerberatung Gute Spartipps Teilhabe\" \/>\n<meta property=\"og:url\" content=\"https:\/\/gute-quellen.koeln\/pt\/weitere-hilfen\/beratung-in-koeln\/\" \/>\n<meta property=\"og:site_name\" content=\"Gute-Quellen.Koeln\" \/>\n<meta property=\"article:modified_time\" content=\"2024-04-30T06:52:59+00:00\" \/>\n<meta property=\"og:image\" content=\"https:\/\/gute-quellen.koeln\/wp-content\/uploads\/2023\/12\/wohnen-sovd.jpg\" \/>\n<meta name=\"twitter:card\" content=\"summary_large_image\" \/>\n<meta name=\"twitter:label1\" content=\"Tempo estimado de leitura\" \/>\n\t<meta name=\"twitter:data1\" content=\"1 minuto\" \/>\n<script type=\"application\/ld+json\" class=\"yoast-schema-graph\">{\"@context\":\"https:\/\/schema.org\",\"@graph\":[{\"@type\":\"WebPage\",\"@id\":\"https:\/\/gute-quellen.koeln\/weitere-hilfen\/beratung-in-koeln\/\",\"url\":\"https:\/\/gute-quellen.koeln\/weitere-hilfen\/beratung-in-koeln\/\",\"name\":\"Beratung - Weitere Hilfen - Gute-Quellen.Koeln\",\"isPartOf\":{\"@id\":\"https:\/\/gute-quellen.koeln\/#website\"},\"primaryImageOfPage\":{\"@id\":\"https:\/\/gute-quellen.koeln\/weitere-hilfen\/beratung-in-koeln\/#primaryimage\"},\"image\":{\"@id\":\"https:\/\/gute-quellen.koeln\/weitere-hilfen\/beratung-in-koeln\/#primaryimage\"},\"thumbnailUrl\":\"https:\/\/gute-quellen.koeln\/wp-content\/uploads\/2023\/12\/wohnen-sovd.jpg\",\"datePublished\":\"2024-01-10T10:43:52+00:00\",\"dateModified\":\"2024-04-30T06:52:59+00:00\",\"breadcrumb\":{\"@id\":\"https:\/\/gute-quellen.koeln\/weitere-hilfen\/beratung-in-koeln\/#breadcrumb\"},\"inLanguage\":\"pt-PT\",\"potentialAction\":[{\"@type\":\"ReadAction\",\"target\":[\"https:\/\/gute-quellen.koeln\/weitere-hilfen\/beratung-in-koeln\/\"]}]},{\"@type\":\"ImageObject\",\"inLanguage\":\"pt-PT\",\"@id\":\"https:\/\/gute-quellen.koeln\/weitere-hilfen\/beratung-in-koeln\/#primaryimage\",\"url\":\"https:\/\/gute-quellen.koeln\/wp-content\/uploads\/2023\/12\/wohnen-sovd.jpg\",\"contentUrl\":\"https:\/\/gute-quellen.koeln\/wp-content\/uploads\/2023\/12\/wohnen-sovd.jpg\"},{\"@type\":\"BreadcrumbList\",\"@id\":\"https:\/\/gute-quellen.koeln\/weitere-hilfen\/beratung-in-koeln\/#breadcrumb\",\"itemListElement\":[{\"@type\":\"ListItem\",\"position\":1,\"name\":\"Startseite\",\"item\":\"https:\/\/gute-quellen.koeln\/\"},{\"@type\":\"ListItem\",\"position\":2,\"name\":\"Weitere Hilfen\",\"item\":\"https:\/\/gute-quellen.koeln\/weitere-hilfen\/\"},{\"@type\":\"ListItem\",\"position\":3,\"name\":\"Beratung &#8211; Weitere Hilfen\"}]},{\"@type\":\"WebSite\",\"@id\":\"https:\/\/gute-quellen.koeln\/#website\",\"url\":\"https:\/\/gute-quellen.koeln\/\",\"name\":\"Gute-Quellen.Koeln\",\"description\":\"Finanzielle Hilfen, Beratung, Spartipps und Teilhabe bei drohendem Wohnungsverlust und drohender Altersarmut.\",\"publisher\":{\"@id\":\"https:\/\/gute-quellen.koeln\/#organization\"},\"potentialAction\":[{\"@type\":\"SearchAction\",\"target\":{\"@type\":\"EntryPoint\",\"urlTemplate\":\"https:\/\/gute-quellen.koeln\/?s={search_term_string}\"},\"query-input\":{\"@type\":\"PropertyValueSpecification\",\"valueRequired\":true,\"valueName\":\"search_term_string\"}}],\"inLanguage\":\"pt-PT\"},{\"@type\":\"Organization\",\"@id\":\"https:\/\/gute-quellen.koeln\/#organization\",\"name\":\"Medienmanagement Institut e.V.\",\"url\":\"https:\/\/gute-quellen.koeln\/\",\"logo\":{\"@type\":\"ImageObject\",\"inLanguage\":\"pt-PT\",\"@id\":\"https:\/\/gute-quellen.koeln\/#\/schema\/logo\/image\/\",\"url\":\"https:\/\/gute-quellen.koeln\/wp-content\/uploads\/2020\/07\/gute-quellen-logo-ideen-1.png\",\"contentUrl\":\"https:\/\/gute-quellen.koeln\/wp-content\/uploads\/2020\/07\/gute-quellen-logo-ideen-1.png\",\"width\":313,\"height\":313,\"caption\":\"Medienmanagement Institut e.V.\"},\"image\":{\"@id\":\"https:\/\/gute-quellen.koeln\/#\/schema\/logo\/image\/\"}}]}<\/script>\n<!-- \/ Yoast SEO plugin. -->","yoast_head_json":{"title":"Beratung - Weitere Hilfen - Gute-Quellen.Koeln","robots":{"index":"index","follow":"follow","max-snippet":"max-snippet:-1","max-image-preview":"max-image-preview:large","max-video-preview":"max-video-preview:-1"},"canonical":"https:\/\/gute-quellen.koeln\/pt\/weitere-hilfen\/beratung-in-koeln\/","og_locale":"pt_PT","og_type":"article","og_title":"Beratung - Weitere Hilfen - Gute-Quellen.Koeln","og_description":"Beratung &#8211; Alle Hilfen Weitere Beratungen in K\u00f6ln Auf diesen Seiten finden Sie verschiedene Beratungsangebote, die wir nicht den Bereichen \u201cDrohender Wohnungsverlust\u201d oder \u201cHilfen bei drohender Altersarmut\u201d zugeordnet haben. Sozialpsychiatrischer Dienst Schuldnerberatung Gute Spartipps Teilhabe","og_url":"https:\/\/gute-quellen.koeln\/pt\/weitere-hilfen\/beratung-in-koeln\/","og_site_name":"Gute-Quellen.Koeln","article_modified_time":"2024-04-30T06:52:59+00:00","og_image":[{"url":"https:\/\/gute-quellen.koeln\/wp-content\/uploads\/2023\/12\/wohnen-sovd.jpg","type":"","width":"","height":""}],"twitter_card":"summary_large_image","twitter_misc":{"Tempo estimado de leitura":"1 minuto"},"schema":{"@context":"https:\/\/schema.org","@graph":[{"@type":"WebPage","@id":"https:\/\/gute-quellen.koeln\/weitere-hilfen\/beratung-in-koeln\/","url":"https:\/\/gute-quellen.koeln\/weitere-hilfen\/beratung-in-koeln\/","name":"Beratung - Weitere Hilfen - Gute-Quellen.Koeln","isPartOf":{"@id":"https:\/\/gute-quellen.koeln\/#website"},"primaryImageOfPage":{"@id":"https:\/\/gute-quellen.koeln\/weitere-hilfen\/beratung-in-koeln\/#primaryimage"},"image":{"@id":"https:\/\/gute-quellen.koeln\/weitere-hilfen\/beratung-in-koeln\/#primaryimage"},"thumbnailUrl":"https:\/\/gute-quellen.koeln\/wp-content\/uploads\/2023\/12\/wohnen-sovd.jpg","datePublished":"2024-01-10T10:43:52+00:00","dateModified":"2024-04-30T06:52:59+00:00","breadcrumb":{"@id":"https:\/\/gute-quellen.koeln\/weitere-hilfen\/beratung-in-koeln\/#breadcrumb"},"inLanguage":"pt-PT","potentialAction":[{"@type":"ReadAction","target":["https:\/\/gute-quellen.koeln\/weitere-hilfen\/beratung-in-koeln\/"]}]},{"@type":"ImageObject","inLanguage":"pt-PT","@id":"https:\/\/gute-quellen.koeln\/weitere-hilfen\/beratung-in-koeln\/#primaryimage","url":"https:\/\/gute-quellen.koeln\/wp-content\/uploads\/2023\/12\/wohnen-sovd.jpg","contentUrl":"https:\/\/gute-quellen.koeln\/wp-content\/uploads\/2023\/12\/wohnen-sovd.jpg"},{"@type":"BreadcrumbList","@id":"https:\/\/gute-quellen.koeln\/weitere-hilfen\/beratung-in-koeln\/#breadcrumb","itemListElement":[{"@type":"ListItem","position":1,"name":"Startseite","item":"https:\/\/gute-quellen.koeln\/"},{"@type":"ListItem","position":2,"name":"Weitere Hilfen","item":"https:\/\/gute-quellen.koeln\/weitere-hilfen\/"},{"@type":"ListItem","position":3,"name":"Beratung &#8211; Weitere Hilfen"}]},{"@type":"WebSite","@id":"https:\/\/gute-quellen.koeln\/#website","url":"https:\/\/gute-quellen.koeln\/","name":"Good-Sources.Cologne","description":"Ajuda financeira, aconselhamento, conselhos de poupan\u00e7a e participa\u00e7\u00e3o em caso de perda iminente de habita\u00e7\u00e3o e de pobreza iminente na velhice.","publisher":{"@id":"https:\/\/gute-quellen.koeln\/#organization"},"potentialAction":[{"@type":"SearchAction","target":{"@type":"EntryPoint","urlTemplate":"https:\/\/gute-quellen.koeln\/?s={search_term_string}"},"query-input":{"@type":"PropertyValueSpecification","valueRequired":true,"valueName":"search_term_string"}}],"inLanguage":"pt-PT"},{"@type":"Organization","@id":"https:\/\/gute-quellen.koeln\/#organization","name":"Medienmanagement Institut e.V.","url":"https:\/\/gute-quellen.koeln\/","logo":{"@type":"ImageObject","inLanguage":"pt-PT","@id":"https:\/\/gute-quellen.koeln\/#\/schema\/logo\/image\/","url":"https:\/\/gute-quellen.koeln\/wp-content\/uploads\/2020\/07\/gute-quellen-logo-ideen-1.png","contentUrl":"https:\/\/gute-quellen.koeln\/wp-content\/uploads\/2020\/07\/gute-quellen-logo-ideen-1.png","width":313,"height":313,"caption":"Medienmanagement Institut e.V."},"image":{"@id":"https:\/\/gute-quellen.koeln\/#\/schema\/logo\/image\/"}}]}},"_links":{"self":[{"href":"https:\/\/gute-quellen.koeln\/pt\/wp-json\/wp\/v2\/pages\/9010","targetHints":{"allow":["GET"]}}],"collection":[{"href":"https:\/\/gute-quellen.koeln\/pt\/wp-json\/wp\/v2\/pages"}],"about":[{"href":"https:\/\/gute-quellen.koeln\/pt\/wp-json\/wp\/v2\/types\/page"}],"author":[{"embeddable":true,"href":"https:\/\/gute-quellen.koeln\/pt\/wp-json\/wp\/v2\/users\/4"}],"replies":[{"embeddable":true,"href":"https:\/\/gute-quellen.koeln\/pt\/wp-json\/wp\/v2\/comments?post=9010"}],"version-history":[{"count":38,"href":"https:\/\/gute-quellen.koeln\/pt\/wp-json\/wp\/v2\/pages\/9010\/revisions"}],"predecessor-version":[{"id":12802,"href":"https:\/\/gute-quellen.koeln\/pt\/wp-json\/wp\/v2\/pages\/9010\/revisions\/12802"}],"up":[{"embeddable":true,"href":"https:\/\/gute-quellen.koeln\/pt\/wp-json\/wp\/v2\/pages\/5988"}],"wp:attachment":[{"href":"https:\/\/gute-quellen.koeln\/pt\/wp-json\/wp\/v2\/media?parent=9010"}],"curies":[{"name":"wp","href":"https:\/\/api.w.org\/{rel}","templated":true}]}}