{"id":8539,"date":"2023-12-10T16:20:47","date_gmt":"2023-12-10T15:20:47","guid":{"rendered":"https:\/\/gute-quellen.koeln\/?page_id=8539"},"modified":"2025-07-30T14:33:20","modified_gmt":"2025-07-30T13:33:20","slug":"impressum","status":"publish","type":"page","link":"https:\/\/gute-quellen.koeln\/ro\/impressum\/","title":{"rendered":"Imprint"},"content":{"rendered":"<div data-elementor-type=\"wp-page\" data-elementor-id=\"8539\" class=\"elementor elementor-8539\" data-elementor-post-type=\"page\">\n\t\t\t\t<div class=\"elementor-element elementor-element-7add7ff e-flex e-con-boxed e-con e-parent\" data-id=\"7add7ff\" data-element_type=\"container\" data-e-type=\"container\" data-settings=\"{&quot;background_background&quot;:&quot;classic&quot;}\">\n\t\t\t\t\t<div class=\"e-con-inner\">\n\t\t\t\t<div class=\"elementor-element elementor-element-4f214ef elementor-widget elementor-widget-breadcrumbs\" data-id=\"4f214ef\" data-element_type=\"widget\" data-e-type=\"widget\" data-widget_type=\"breadcrumbs.default\">\n\t\t\t\t<div class=\"elementor-widget-container\">\n\t\t\t\t\t<p id=\"breadcrumbs\"><span><span><a href=\"https:\/\/gute-quellen.koeln\/ro\/\">Pagina de pornire<\/a><\/span><\/span><\/p>\t\t\t\t<\/div>\n\t\t\t\t<\/div>\n\t\t\t\t\t<\/div>\n\t\t\t\t<\/div>\n\t\t\t\t<section class=\"elementor-section elementor-top-section elementor-element elementor-element-fcc8ce9 elementor-section-boxed elementor-section-height-default elementor-section-height-default\" data-id=\"fcc8ce9\" data-element_type=\"section\" data-e-type=\"section\" data-settings=\"{&quot;background_background&quot;:&quot;classic&quot;}\">\n\t\t\t\t\t\t\t<div class=\"elementor-background-overlay\"><\/div>\n\t\t\t\t\t\t\t<div class=\"elementor-container elementor-column-gap-default\">\n\t\t\t\t\t<div class=\"elementor-column elementor-col-100 elementor-top-column elementor-element elementor-element-bc25abd\" data-id=\"bc25abd\" data-element_type=\"column\" data-e-type=\"column\">\n\t\t\t<div class=\"elementor-widget-wrap elementor-element-populated\">\n\t\t\t\t\t\t\t<\/div>\n\t\t<\/div>\n\t\t\t\t\t<\/div>\n\t\t<\/section>\n\t\t<div class=\"elementor-element elementor-element-2467c97c e-flex e-con-boxed e-con e-parent\" data-id=\"2467c97c\" data-element_type=\"container\" data-e-type=\"container\">\n\t\t\t\t\t<div class=\"e-con-inner\">\n\t\t\t\t<div class=\"elementor-element elementor-element-55a84696 elementor-widget elementor-widget-text-editor\" data-id=\"55a84696\" data-element_type=\"widget\" data-e-type=\"widget\" data-widget_type=\"text-editor.default\">\n\t\t\t\t<div class=\"elementor-widget-container\">\n\t\t\t\t\t\t\t\t\t<p><strong>Institutul de Management Media<\/strong><br \/>la Universitatea Fresenius de \u0218tiin\u021be Aplicate<\/p><p><strong>Adresa po\u0219tal\u0103:<\/strong><br \/>Institutul de Management Media e.V.<br \/>c\/o Universitatea de \u0218tiin\u021be Aplicate Fresenius<br \/>\u00cen Mediapark 4c<br \/>50670 K\u00f6ln<\/p><p>Mail:\u00a0office@memi-koeln.de<br \/>Web: www.memi-koeln.de<\/p><p>Reprezentan\u021bi autoriza\u021bi:<br \/>Prof. Dr. Oliver Faber<br \/>Pre\u0219edinte al Comitetului executiv<\/p><p>Uwe Schw\u00e4ch<br \/>Vicepre\u0219edinte al Comitetului executiv<\/p><p>Efkan Yildirim<br \/>Consiliul consultativ \u0219i gestionarea proiectelor \"Surse bune\"<\/p><p>\u00cenregistra\u021bi intrarea:<br \/>Tribunalul local din K\u00f6ln<br \/>VR 14692<\/p><p>Nr. de identificare TVA DE249187294<\/p>\t\t\t\t\t\t\t\t<\/div>\n\t\t\t\t<\/div>\n\t\t\t\t\t<\/div>\n\t\t\t\t<\/div>\n\t\t\t\t<\/div>","protected":false},"excerpt":{"rendered":"<p>Medien Management Institutan der Hochschule Fresenius Adres\u0103 po\u0219tal\u0103:Medien Management Institut e.V.c\/o Hochschule FreseniusIm Mediapark 4c50670 K\u00f6ln Mail: office@memi-koeln.deWeb: www.memi-koeln.de Reprezentan\u021bi autoriza\u021bi:Prof. Dr. Oliver FaberPre\u0219edintele consiliului Uwe Schw\u00e4chVicepre\u0219edintele consiliului Efkan YildirimConsiliul consultativ \u0219i managementul proiectelor \"Gute Quellen\" Intrare \u00een registru:Cologne Local CourtVR 14692 VAT ID No. DE249187294<\/p>","protected":false},"author":4,"featured_media":0,"parent":0,"menu_order":0,"comment_status":"closed","ping_status":"closed","template":"elementor_header_footer","meta":{"_monsterinsights_skip_tracking":false,"_monsterinsights_sitenote_active":false,"_monsterinsights_sitenote_note":"","_monsterinsights_sitenote_category":0,"footnotes":""},"class_list":["post-8539","page","type-page","status-publish","hentry"],"yoast_head":"<!-- This site is optimized with the Yoast SEO plugin v27.0 - https:\/\/yoast.com\/product\/yoast-seo-wordpress\/ -->\n<title>Impressum - Gute-Quellen.Koeln<\/title>\n<meta name=\"robots\" content=\"index, follow, max-snippet:-1, max-image-preview:large, max-video-preview:-1\" \/>\n<link rel=\"canonical\" href=\"https:\/\/gute-quellen.koeln\/ro\/impressum\/\" \/>\n<meta property=\"og:locale\" content=\"ro_RO\" \/>\n<meta property=\"og:type\" content=\"article\" \/>\n<meta property=\"og:title\" content=\"Impressum - Gute-Quellen.Koeln\" \/>\n<meta property=\"og:description\" content=\"Medien Management Institutan der Hochschule Fresenius Postanschrift:Medien Management Institut e.V.c\/o Hochschule FreseniusIm Mediapark 4c50670 K\u00f6ln Mail:\u00a0office@memi-koeln.deWeb: www.memi-koeln.de Vertretungsberechtigte:Prof. Dr. Oliver FaberVorsitzender des Vorstandes Uwe Schw\u00e4chStellvertretender Vorsitzender des Vorstandes Efkan YildirimBeirat und Projektleitung &#8222;Gute Quellen&#8220; Registereintrag:Amtsgericht K\u00f6lnVR 14692 USt-IdNr. DE249187294\" \/>\n<meta property=\"og:url\" content=\"https:\/\/gute-quellen.koeln\/ro\/impressum\/\" \/>\n<meta property=\"og:site_name\" content=\"Gute-Quellen.Koeln\" \/>\n<meta property=\"article:modified_time\" content=\"2025-07-30T13:33:20+00:00\" \/>\n<meta name=\"twitter:card\" content=\"summary_large_image\" \/>\n<meta name=\"twitter:label1\" content=\"Timp estimat pentru citire\" \/>\n\t<meta name=\"twitter:data1\" content=\"1 minut\" \/>\n<script type=\"application\/ld+json\" class=\"yoast-schema-graph\">{\"@context\":\"https:\/\/schema.org\",\"@graph\":[{\"@type\":\"WebPage\",\"@id\":\"https:\/\/gute-quellen.koeln\/impressum\/\",\"url\":\"https:\/\/gute-quellen.koeln\/impressum\/\",\"name\":\"Impressum - Gute-Quellen.Koeln\",\"isPartOf\":{\"@id\":\"https:\/\/gute-quellen.koeln\/#website\"},\"datePublished\":\"2023-12-10T15:20:47+00:00\",\"dateModified\":\"2025-07-30T13:33:20+00:00\",\"breadcrumb\":{\"@id\":\"https:\/\/gute-quellen.koeln\/impressum\/#breadcrumb\"},\"inLanguage\":\"ro-RO\",\"potentialAction\":[{\"@type\":\"ReadAction\",\"target\":[\"https:\/\/gute-quellen.koeln\/impressum\/\"]}]},{\"@type\":\"BreadcrumbList\",\"@id\":\"https:\/\/gute-quellen.koeln\/impressum\/#breadcrumb\",\"itemListElement\":[{\"@type\":\"ListItem\",\"position\":1,\"name\":\"Startseite\",\"item\":\"https:\/\/gute-quellen.koeln\/\"},{\"@type\":\"ListItem\",\"position\":2,\"name\":\"Impressum\"}]},{\"@type\":\"WebSite\",\"@id\":\"https:\/\/gute-quellen.koeln\/#website\",\"url\":\"https:\/\/gute-quellen.koeln\/\",\"name\":\"Gute-Quellen.Koeln\",\"description\":\"Finanzielle Hilfen, Beratung, Spartipps und Teilhabe bei drohendem Wohnungsverlust und drohender Altersarmut.\",\"publisher\":{\"@id\":\"https:\/\/gute-quellen.koeln\/#organization\"},\"potentialAction\":[{\"@type\":\"SearchAction\",\"target\":{\"@type\":\"EntryPoint\",\"urlTemplate\":\"https:\/\/gute-quellen.koeln\/?s={search_term_string}\"},\"query-input\":{\"@type\":\"PropertyValueSpecification\",\"valueRequired\":true,\"valueName\":\"search_term_string\"}}],\"inLanguage\":\"ro-RO\"},{\"@type\":\"Organization\",\"@id\":\"https:\/\/gute-quellen.koeln\/#organization\",\"name\":\"Medienmanagement Institut e.V.\",\"url\":\"https:\/\/gute-quellen.koeln\/\",\"logo\":{\"@type\":\"ImageObject\",\"inLanguage\":\"ro-RO\",\"@id\":\"https:\/\/gute-quellen.koeln\/#\/schema\/logo\/image\/\",\"url\":\"https:\/\/gute-quellen.koeln\/wp-content\/uploads\/2020\/07\/gute-quellen-logo-ideen-1.png\",\"contentUrl\":\"https:\/\/gute-quellen.koeln\/wp-content\/uploads\/2020\/07\/gute-quellen-logo-ideen-1.png\",\"width\":313,\"height\":313,\"caption\":\"Medienmanagement Institut e.V.\"},\"image\":{\"@id\":\"https:\/\/gute-quellen.koeln\/#\/schema\/logo\/image\/\"}}]}<\/script>\n<!-- \/ Yoast SEO plugin. -->","yoast_head_json":{"title":"Impressum - Gute-Quellen.Koeln","robots":{"index":"index","follow":"follow","max-snippet":"max-snippet:-1","max-image-preview":"max-image-preview:large","max-video-preview":"max-video-preview:-1"},"canonical":"https:\/\/gute-quellen.koeln\/ro\/impressum\/","og_locale":"ro_RO","og_type":"article","og_title":"Impressum - Gute-Quellen.Koeln","og_description":"Medien Management Institutan der Hochschule Fresenius Postanschrift:Medien Management Institut e.V.c\/o Hochschule FreseniusIm Mediapark 4c50670 K\u00f6ln Mail:\u00a0office@memi-koeln.deWeb: www.memi-koeln.de Vertretungsberechtigte:Prof. Dr. Oliver FaberVorsitzender des Vorstandes Uwe Schw\u00e4chStellvertretender Vorsitzender des Vorstandes Efkan YildirimBeirat und Projektleitung &#8222;Gute Quellen&#8220; Registereintrag:Amtsgericht K\u00f6lnVR 14692 USt-IdNr. DE249187294","og_url":"https:\/\/gute-quellen.koeln\/ro\/impressum\/","og_site_name":"Gute-Quellen.Koeln","article_modified_time":"2025-07-30T13:33:20+00:00","twitter_card":"summary_large_image","twitter_misc":{"Timp estimat pentru citire":"1 minut"},"schema":{"@context":"https:\/\/schema.org","@graph":[{"@type":"WebPage","@id":"https:\/\/gute-quellen.koeln\/impressum\/","url":"https:\/\/gute-quellen.koeln\/impressum\/","name":"Impressum - Gute-Quellen.Koeln","isPartOf":{"@id":"https:\/\/gute-quellen.koeln\/#website"},"datePublished":"2023-12-10T15:20:47+00:00","dateModified":"2025-07-30T13:33:20+00:00","breadcrumb":{"@id":"https:\/\/gute-quellen.koeln\/impressum\/#breadcrumb"},"inLanguage":"ro-RO","potentialAction":[{"@type":"ReadAction","target":["https:\/\/gute-quellen.koeln\/impressum\/"]}]},{"@type":"BreadcrumbList","@id":"https:\/\/gute-quellen.koeln\/impressum\/#breadcrumb","itemListElement":[{"@type":"ListItem","position":1,"name":"Startseite","item":"https:\/\/gute-quellen.koeln\/"},{"@type":"ListItem","position":2,"name":"Impressum"}]},{"@type":"WebSite","@id":"https:\/\/gute-quellen.koeln\/#website","url":"https:\/\/gute-quellen.koeln\/","name":"Good-Sources.K\u00f6ln","description":"Ajutor financiar, consiliere, sfaturi de economisire \u0219i participare \u00een caz de pierdere iminent\u0103 a locuin\u021bei \u0219i de s\u0103r\u0103cie iminent\u0103 la b\u0103tr\u00e2ne\u021be.","publisher":{"@id":"https:\/\/gute-quellen.koeln\/#organization"},"potentialAction":[{"@type":"SearchAction","target":{"@type":"EntryPoint","urlTemplate":"https:\/\/gute-quellen.koeln\/?s={search_term_string}"},"query-input":{"@type":"PropertyValueSpecification","valueRequired":true,"valueName":"search_term_string"}}],"inLanguage":"ro-RO"},{"@type":"Organization","@id":"https:\/\/gute-quellen.koeln\/#organization","name":"Medienmanagement Institut e.V.","url":"https:\/\/gute-quellen.koeln\/","logo":{"@type":"ImageObject","inLanguage":"ro-RO","@id":"https:\/\/gute-quellen.koeln\/#\/schema\/logo\/image\/","url":"https:\/\/gute-quellen.koeln\/wp-content\/uploads\/2020\/07\/gute-quellen-logo-ideen-1.png","contentUrl":"https:\/\/gute-quellen.koeln\/wp-content\/uploads\/2020\/07\/gute-quellen-logo-ideen-1.png","width":313,"height":313,"caption":"Medienmanagement Institut e.V."},"image":{"@id":"https:\/\/gute-quellen.koeln\/#\/schema\/logo\/image\/"}}]}},"_links":{"self":[{"href":"https:\/\/gute-quellen.koeln\/ro\/wp-json\/wp\/v2\/pages\/8539","targetHints":{"allow":["GET"]}}],"collection":[{"href":"https:\/\/gute-quellen.koeln\/ro\/wp-json\/wp\/v2\/pages"}],"about":[{"href":"https:\/\/gute-quellen.koeln\/ro\/wp-json\/wp\/v2\/types\/page"}],"author":[{"embeddable":true,"href":"https:\/\/gute-quellen.koeln\/ro\/wp-json\/wp\/v2\/users\/4"}],"replies":[{"embeddable":true,"href":"https:\/\/gute-quellen.koeln\/ro\/wp-json\/wp\/v2\/comments?post=8539"}],"version-history":[{"count":22,"href":"https:\/\/gute-quellen.koeln\/ro\/wp-json\/wp\/v2\/pages\/8539\/revisions"}],"predecessor-version":[{"id":13103,"href":"https:\/\/gute-quellen.koeln\/ro\/wp-json\/wp\/v2\/pages\/8539\/revisions\/13103"}],"wp:attachment":[{"href":"https:\/\/gute-quellen.koeln\/ro\/wp-json\/wp\/v2\/media?parent=8539"}],"curies":[{"name":"wp","href":"https:\/\/api.w.org\/{rel}","templated":true}]}}