{"id":1228,"date":"2020-08-19T04:24:29","date_gmt":"2020-08-19T04:24:29","guid":{"rendered":"https:\/\/gute-quellen.koeln\/?page_id=1228"},"modified":"2023-12-26T08:14:26","modified_gmt":"2023-12-26T07:14:26","slug":"kontakt-2","status":"publish","type":"page","link":"https:\/\/gute-quellen.koeln\/ru\/kontakt-2\/","title":{"rendered":"\u0421\u0432\u044f\u0436\u0438\u0442\u0435\u0441\u044c \u0441 \u043d\u0430\u043c\u0438"},"content":{"rendered":"<div data-elementor-type=\"wp-page\" data-elementor-id=\"1228\" class=\"elementor elementor-1228\" data-elementor-post-type=\"page\">\n\t\t\t\t<div class=\"elementor-element elementor-element-4a77106 e-flex e-con-boxed e-con e-parent\" data-id=\"4a77106\" data-element_type=\"container\" data-e-type=\"container\" data-settings=\"{&quot;background_background&quot;:&quot;classic&quot;}\">\n\t\t\t\t\t<div class=\"e-con-inner\">\n\t\t\t\t<div class=\"elementor-element elementor-element-7c8cc20 elementor-widget elementor-widget-breadcrumbs\" data-id=\"7c8cc20\" data-element_type=\"widget\" data-e-type=\"widget\" data-widget_type=\"breadcrumbs.default\">\n\t\t\t\t<div class=\"elementor-widget-container\">\n\t\t\t\t\t<p id=\"breadcrumbs\"><span><span><a href=\"https:\/\/gute-quellen.koeln\/ru\/\">\u0414\u043e\u043c<\/a><\/span><\/span><\/p>\t\t\t\t<\/div>\n\t\t\t\t<\/div>\n\t\t\t\t\t<\/div>\n\t\t\t\t<\/div>\n\t\t\t\t<section class=\"elementor-section elementor-top-section elementor-element elementor-element-2cbedeb elementor-section-boxed elementor-section-height-default elementor-section-height-default\" data-id=\"2cbedeb\" data-element_type=\"section\" data-e-type=\"section\" data-settings=\"{&quot;background_background&quot;:&quot;classic&quot;}\">\n\t\t\t\t\t\t\t<div class=\"elementor-background-overlay\"><\/div>\n\t\t\t\t\t\t\t<div class=\"elementor-container elementor-column-gap-default\">\n\t\t\t\t\t<div class=\"elementor-column elementor-col-100 elementor-top-column elementor-element elementor-element-884fcaa\" data-id=\"884fcaa\" data-element_type=\"column\" data-e-type=\"column\">\n\t\t\t<div class=\"elementor-widget-wrap elementor-element-populated\">\n\t\t\t\t\t\t\t<\/div>\n\t\t<\/div>\n\t\t\t\t\t<\/div>\n\t\t<\/section>\n\t\t\t\t<section class=\"elementor-section elementor-top-section elementor-element elementor-element-eed6418 elementor-section-boxed elementor-section-height-default elementor-section-height-default\" data-id=\"eed6418\" data-element_type=\"section\" data-e-type=\"section\">\n\t\t\t\t\t\t<div class=\"elementor-container elementor-column-gap-default\">\n\t\t\t\t\t<div class=\"elementor-column elementor-col-50 elementor-top-column elementor-element elementor-element-8b325df\" data-id=\"8b325df\" data-element_type=\"column\" data-e-type=\"column\">\n\t\t\t<div class=\"elementor-widget-wrap elementor-element-populated\">\n\t\t\t\t\t\t<div class=\"elementor-element elementor-element-8246104 elementor-widget elementor-widget-heading\" data-id=\"8246104\" data-element_type=\"widget\" data-e-type=\"widget\" data-widget_type=\"heading.default\">\n\t\t\t\t<div class=\"elementor-widget-container\">\n\t\t\t\t\t<h3 class=\"elementor-heading-title elementor-size-default\">\u0420\u0430\u0442\u0443\u0448\u0430<\/h3>\t\t\t\t<\/div>\n\t\t\t\t<\/div>\n\t\t\t\t<div class=\"elementor-element elementor-element-9672dd3 elementor-widget elementor-widget-heading\" data-id=\"9672dd3\" data-element_type=\"widget\" data-e-type=\"widget\" data-widget_type=\"heading.default\">\n\t\t\t\t<div class=\"elementor-widget-container\">\n\t\t\t\t\t<h3 class=\"elementor-heading-title elementor-size-default\">\u0427\u0430\u0441\u044b \u0440\u0430\u0431\u043e\u0442\u044b<\/h3>\t\t\t\t<\/div>\n\t\t\t\t<\/div>\n\t\t\t\t<div class=\"elementor-element elementor-element-d5b8f7d elementor-widget elementor-widget-text-editor\" data-id=\"d5b8f7d\" data-element_type=\"widget\" data-e-type=\"widget\" data-widget_type=\"text-editor.default\">\n\t\t\t\t<div class=\"elementor-widget-container\">\n\t\t\t\t\t\t\t\t\t<p>\u041e\u0442\u043a\u0440\u044b\u0442 \u0435\u0436\u0435\u0434\u043d\u0435\u0432\u043d\u043e, \u043f\u043e \u0432\u043e\u0441\u043a\u0440\u0435\u0441\u0435\u043d\u044c\u044f\u043c \u0441 10 \u0443\u0442\u0440\u0430 \u0434\u043e 5 \u0432\u0435\u0447\u0435\u0440\u0430, \u0434\u043e 8 \u0432\u0435\u0447\u0435\u0440\u0430.<\/p>\t\t\t\t\t\t\t\t<\/div>\n\t\t\t\t<\/div>\n\t\t\t\t\t<\/div>\n\t\t<\/div>\n\t\t\t\t<div class=\"elementor-column elementor-col-50 elementor-top-column elementor-element elementor-element-508a2c4\" data-id=\"508a2c4\" data-element_type=\"column\" data-e-type=\"column\">\n\t\t\t<div class=\"elementor-widget-wrap elementor-element-populated\">\n\t\t\t\t\t\t<section class=\"elementor-section elementor-inner-section elementor-element elementor-element-9c487bd elementor-section-boxed elementor-section-height-default elementor-section-height-default\" data-id=\"9c487bd\" data-element_type=\"section\" data-e-type=\"section\">\n\t\t\t\t\t\t<div class=\"elementor-container elementor-column-gap-default\">\n\t\t\t\t\t<div class=\"elementor-column elementor-col-100 elementor-inner-column elementor-element elementor-element-674d5be\" data-id=\"674d5be\" data-element_type=\"column\" data-e-type=\"column\">\n\t\t\t<div class=\"elementor-widget-wrap elementor-element-populated\">\n\t\t\t\t\t\t<div class=\"elementor-element elementor-element-25934d9 elementor-widget elementor-widget-heading\" data-id=\"25934d9\" data-element_type=\"widget\" data-e-type=\"widget\" data-widget_type=\"heading.default\">\n\t\t\t\t<div class=\"elementor-widget-container\">\n\t\t\t\t\t<h3 class=\"elementor-heading-title elementor-size-default\">\u041e\u0441\u0442\u0430\u0432\u044c\u0442\u0435 \u0441\u0432\u043e\u0435 \u0441\u043e\u043e\u0431\u0449\u0435\u043d\u0438\u0435<\/h3>\t\t\t\t<\/div>\n\t\t\t\t<\/div>\n\t\t\t\t<div class=\"elementor-element elementor-element-a33ae14 elementor-widget elementor-widget-shortcode\" data-id=\"a33ae14\" data-element_type=\"widget\" data-e-type=\"widget\" data-widget_type=\"shortcode.default\">\n\t\t\t\t<div class=\"elementor-widget-container\">\n\t\t\t\t\t\t\t<div class=\"elementor-shortcode\">\n<div class=\"wpcf7 no-js\" id=\"wpcf7-f294-o1\" lang=\"en-US\" dir=\"ltr\" data-wpcf7-id=\"294\">\n<div class=\"screen-reader-response\"><p role=\"status\" aria-live=\"polite\" aria-atomic=\"true\"><\/p> <ul><\/ul><\/div>\n<form action=\"\/ru\/wp-json\/wp\/v2\/pages\/1228#wpcf7-f294-o1\" method=\"post\" class=\"wpcf7-form init\" aria-label=\"Contact form\" novalidate=\"novalidate\" data-status=\"init\" data-trp-original-action=\"\/ru\/wp-json\/wp\/v2\/pages\/1228#wpcf7-f294-o1\">\n<fieldset class=\"hidden-fields-container\"><input type=\"hidden\" name=\"_wpcf7\" value=\"294\" \/><input type=\"hidden\" name=\"_wpcf7_version\" value=\"6.1.5\" \/><input type=\"hidden\" name=\"_wpcf7_locale\" value=\"en_US\" \/><input type=\"hidden\" name=\"_wpcf7_unit_tag\" value=\"wpcf7-f294-o1\" \/><input type=\"hidden\" name=\"_wpcf7_container_post\" value=\"0\" \/><input type=\"hidden\" name=\"_wpcf7_posted_data_hash\" value=\"\" \/>\n<\/fieldset>\n<div class=\"contact-form-egovt\">\n\t<div class=\"con\">\n\t\t<div class=\"input name\">\n\t\t\t<p><span class=\"wpcf7-form-control-wrap\" data-name=\"your-name\"><input size=\"40\" maxlength=\"400\" class=\"wpcf7-form-control wpcf7-text wpcf7-validates-as-required\" id=\"your-name\" aria-required=\"true\" aria-invalid=\"false\" placeholder=\"\u0418\u043c\u044f\" value=\"\" type=\"text\" name=\"your-name\" \/><\/span>\n\t\t\t<\/p>\n\t\t<\/div>\n\t\t<div class=\"input email\">\n\t\t\t<p><span class=\"wpcf7-form-control-wrap\" data-name=\"your-email\"><input size=\"40\" maxlength=\"400\" class=\"wpcf7-form-control wpcf7-email wpcf7-validates-as-required wpcf7-text wpcf7-validates-as-email\" id=\"your-email\" aria-required=\"true\" aria-invalid=\"false\" placeholder=\"e-mail\" value=\"\" type=\"email\" name=\"your-email\" \/><\/span>\n\t\t\t<\/p>\n\t\t<\/div>\n\t\t<div class=\"input subject\">\n\t\t\t<p><span class=\"wpcf7-form-control-wrap\" data-name=\"your-subject\"><input size=\"40\" maxlength=\"400\" class=\"wpcf7-form-control wpcf7-text wpcf7-validates-as-required\" id=\"your-subject\" aria-required=\"true\" aria-invalid=\"false\" placeholder=\"\u0422\u0435\u043c\u0430\" value=\"\" type=\"text\" name=\"your-subject\" \/><\/span>\n\t\t\t<\/p>\n\t\t<\/div>\n\t<\/div>\n\t<div class=\"con\">\n\t\t<div class=\"comment\">\n\t\t\t<p><span class=\"wpcf7-form-control-wrap\" data-name=\"your-comment\"><textarea cols=\"40\" rows=\"10\" maxlength=\"2000\" class=\"wpcf7-form-control wpcf7-textarea wpcf7-validates-as-required\" id=\"your-comment\" aria-required=\"true\" aria-invalid=\"false\" placeholder=\"\u041d\u0430\u043f\u0438\u0448\u0438\u0442\u0435 \u0441\u0432\u043e\u0435 \u0441\u043e\u043e\u0431\u0449\u0435\u043d\u0438\u0435...\" name=\"your-comment\"><\/textarea><\/span>\n\t\t\t<\/p>\n\t\t<\/div>\n\t<\/div>\n\t<p><input class=\"wpcf7-form-control wpcf7-submit has-spinner second_font\" id=\"form-submit\" type=\"submit\" value=\"\u041e\u0442\u043f\u0440\u0430\u0432\u0438\u0442\u044c \u0441\u043e\u043e\u0431\u0449\u0435\u043d\u0438\u0435\" \/>\n\t<\/p>\n<\/div><div class=\"wpcf7-response-output\" aria-hidden=\"true\"><\/div>\n<input type=\"hidden\" name=\"trp-form-language\" value=\"ru\"\/><\/form>\n<\/div>\n<\/div>\n\t\t\t\t\t\t<\/div>\n\t\t\t\t<\/div>\n\t\t\t\t\t<\/div>\n\t\t<\/div>\n\t\t\t\t\t<\/div>\n\t\t<\/section>\n\t\t\t\t\t<\/div>\n\t\t<\/div>\n\t\t\t\t\t<\/div>\n\t\t<\/section>\n\t\t\t\t<section class=\"elementor-section elementor-top-section elementor-element elementor-element-ac778b0 elementor-section-full_width elementor-section-height-default elementor-section-height-default\" data-id=\"ac778b0\" data-element_type=\"section\" data-e-type=\"section\">\n\t\t\t\t\t\t<div class=\"elementor-container elementor-column-gap-default\">\n\t\t\t\t\t<div class=\"elementor-column elementor-col-100 elementor-top-column elementor-element elementor-element-6190b65\" data-id=\"6190b65\" data-element_type=\"column\" data-e-type=\"column\">\n\t\t\t<div class=\"elementor-widget-wrap elementor-element-populated\">\n\t\t\t\t\t\t<div class=\"elementor-element elementor-element-31f9d15 elementor-widget elementor-widget-google_maps\" data-id=\"31f9d15\" data-element_type=\"widget\" data-e-type=\"widget\" data-widget_type=\"google_maps.default\">\n\t\t\t\t<div class=\"elementor-widget-container\">\n\t\t\t\t\t\t\t<div class=\"elementor-custom-embed\">\n\t\t\t<iframe loading=\"lazy\"\n\t\t\t\t\tsrc=\"https:\/\/maps.google.com\/maps?q=London%20Eye%2C%20London%2C%20United%20Kingdom&#038;t=m&#038;z=17&#038;output=embed&#038;iwloc=near\"\n\t\t\t\t\ttitle=\"\u041b\u043e\u043d\u0434\u043e\u043d\u0441\u043a\u0438\u0439 \u0433\u043b\u0430\u0437, \u041b\u043e\u043d\u0434\u043e\u043d, \u0412\u0435\u043b\u0438\u043a\u043e\u0431\u0440\u0438\u0442\u0430\u043d\u0438\u044f\"\n\t\t\t\t\taria-label=\"\u041b\u043e\u043d\u0434\u043e\u043d\u0441\u043a\u0438\u0439 \u0433\u043b\u0430\u0437, \u041b\u043e\u043d\u0434\u043e\u043d, \u0412\u0435\u043b\u0438\u043a\u043e\u0431\u0440\u0438\u0442\u0430\u043d\u0438\u044f\"\n\t\t\t><\/iframe>\n\t\t<\/div>\n\t\t\t\t\t\t<\/div>\n\t\t\t\t<\/div>\n\t\t\t\t\t<\/div>\n\t\t<\/div>\n\t\t\t\t\t<\/div>\n\t\t<\/section>\n\t\t\t\t<\/div>","protected":false},"excerpt":{"rendered":"<p>In Kontakt kommen Wir wissen es sehr zu sch\u00e4tzen, dass Sie sich die Zeit genommen haben, mit uns in Kontakt zu treten. Bitte f\u00fcllen Sie das untenstehende Formular aus. Rathaus Adresse: 345 Park Avenue, San Jose, CA 95110 Anruf: 1-800-7878-09 E-Mail: egovt@example.com \u00d6ffnungszeiten T\u00e4glich ge\u00f6ffnet, sonntags von 10 bis 17 Uhr, bis 20 Uhr. Twitter [&hellip;]<\/p>\n","protected":false},"author":4,"featured_media":0,"parent":0,"menu_order":0,"comment_status":"closed","ping_status":"closed","template":"elementor_header_footer","meta":{"_monsterinsights_skip_tracking":false,"_monsterinsights_sitenote_active":false,"_monsterinsights_sitenote_note":"","_monsterinsights_sitenote_category":0,"footnotes":""},"class_list":["post-1228","page","type-page","status-publish","hentry"],"yoast_head":"<!-- This site is optimized with the Yoast SEO plugin v27.0 - https:\/\/yoast.com\/product\/yoast-seo-wordpress\/ -->\n<title>Kontakt - Gute-Quellen.Koeln<\/title>\n<meta name=\"robots\" content=\"index, follow, max-snippet:-1, max-image-preview:large, max-video-preview:-1\" \/>\n<link rel=\"canonical\" href=\"https:\/\/gute-quellen.koeln\/ru\/kontakt-2\/\" \/>\n<meta property=\"og:locale\" content=\"ru_RU\" \/>\n<meta property=\"og:type\" content=\"article\" \/>\n<meta property=\"og:title\" content=\"Kontakt - Gute-Quellen.Koeln\" \/>\n<meta property=\"og:description\" content=\"In Kontakt kommen Wir wissen es sehr zu sch\u00e4tzen, dass Sie sich die Zeit genommen haben, mit uns in Kontakt zu treten. Bitte f\u00fcllen Sie das untenstehende Formular aus. Rathaus Adresse: 345 Park Avenue, San Jose, CA 95110 Anruf: 1-800-7878-09 E-Mail: egovt@example.com \u00d6ffnungszeiten T\u00e4glich ge\u00f6ffnet, sonntags von 10 bis 17 Uhr, bis 20 Uhr. Twitter [&hellip;]\" \/>\n<meta property=\"og:url\" content=\"https:\/\/gute-quellen.koeln\/ru\/kontakt-2\/\" \/>\n<meta property=\"og:site_name\" content=\"Gute-Quellen.Koeln\" \/>\n<meta property=\"article:modified_time\" content=\"2023-12-26T07:14:26+00:00\" \/>\n<meta name=\"twitter:card\" content=\"summary_large_image\" \/>\n<meta name=\"twitter:label1\" content=\"\u041f\u0440\u0438\u043c\u0435\u0440\u043d\u043e\u0435 \u0432\u0440\u0435\u043c\u044f \u0434\u043b\u044f \u0447\u0442\u0435\u043d\u0438\u044f\" \/>\n\t<meta name=\"twitter:data1\" content=\"1 \u043c\u0438\u043d\u0443\u0442\u0430\" \/>\n<script type=\"application\/ld+json\" class=\"yoast-schema-graph\">{\"@context\":\"https:\/\/schema.org\",\"@graph\":[{\"@type\":\"WebPage\",\"@id\":\"https:\/\/gute-quellen.koeln\/kontakt-2\/\",\"url\":\"https:\/\/gute-quellen.koeln\/kontakt-2\/\",\"name\":\"Kontakt - Gute-Quellen.Koeln\",\"isPartOf\":{\"@id\":\"https:\/\/gute-quellen.koeln\/#website\"},\"datePublished\":\"2020-08-19T04:24:29+00:00\",\"dateModified\":\"2023-12-26T07:14:26+00:00\",\"breadcrumb\":{\"@id\":\"https:\/\/gute-quellen.koeln\/kontakt-2\/#breadcrumb\"},\"inLanguage\":\"ru-RU\",\"potentialAction\":[{\"@type\":\"ReadAction\",\"target\":[\"https:\/\/gute-quellen.koeln\/kontakt-2\/\"]}]},{\"@type\":\"BreadcrumbList\",\"@id\":\"https:\/\/gute-quellen.koeln\/kontakt-2\/#breadcrumb\",\"itemListElement\":[{\"@type\":\"ListItem\",\"position\":1,\"name\":\"Startseite\",\"item\":\"https:\/\/gute-quellen.koeln\/\"},{\"@type\":\"ListItem\",\"position\":2,\"name\":\"Kontakt\"}]},{\"@type\":\"WebSite\",\"@id\":\"https:\/\/gute-quellen.koeln\/#website\",\"url\":\"https:\/\/gute-quellen.koeln\/\",\"name\":\"Gute-Quellen.Koeln\",\"description\":\"Finanzielle Hilfen, Beratung, Spartipps und Teilhabe bei drohendem Wohnungsverlust und drohender Altersarmut.\",\"publisher\":{\"@id\":\"https:\/\/gute-quellen.koeln\/#organization\"},\"potentialAction\":[{\"@type\":\"SearchAction\",\"target\":{\"@type\":\"EntryPoint\",\"urlTemplate\":\"https:\/\/gute-quellen.koeln\/?s={search_term_string}\"},\"query-input\":{\"@type\":\"PropertyValueSpecification\",\"valueRequired\":true,\"valueName\":\"search_term_string\"}}],\"inLanguage\":\"ru-RU\"},{\"@type\":\"Organization\",\"@id\":\"https:\/\/gute-quellen.koeln\/#organization\",\"name\":\"Medienmanagement Institut e.V.\",\"url\":\"https:\/\/gute-quellen.koeln\/\",\"logo\":{\"@type\":\"ImageObject\",\"inLanguage\":\"ru-RU\",\"@id\":\"https:\/\/gute-quellen.koeln\/#\/schema\/logo\/image\/\",\"url\":\"https:\/\/gute-quellen.koeln\/wp-content\/uploads\/2020\/07\/gute-quellen-logo-ideen-1.png\",\"contentUrl\":\"https:\/\/gute-quellen.koeln\/wp-content\/uploads\/2020\/07\/gute-quellen-logo-ideen-1.png\",\"width\":313,\"height\":313,\"caption\":\"Medienmanagement Institut e.V.\"},\"image\":{\"@id\":\"https:\/\/gute-quellen.koeln\/#\/schema\/logo\/image\/\"}}]}<\/script>\n<!-- \/ Yoast SEO plugin. -->","yoast_head_json":{"title":"Kontakt - Gute-Quellen.Koeln","robots":{"index":"index","follow":"follow","max-snippet":"max-snippet:-1","max-image-preview":"max-image-preview:large","max-video-preview":"max-video-preview:-1"},"canonical":"https:\/\/gute-quellen.koeln\/ru\/kontakt-2\/","og_locale":"ru_RU","og_type":"article","og_title":"Kontakt - Gute-Quellen.Koeln","og_description":"In Kontakt kommen Wir wissen es sehr zu sch\u00e4tzen, dass Sie sich die Zeit genommen haben, mit uns in Kontakt zu treten. Bitte f\u00fcllen Sie das untenstehende Formular aus. Rathaus Adresse: 345 Park Avenue, San Jose, CA 95110 Anruf: 1-800-7878-09 E-Mail: egovt@example.com \u00d6ffnungszeiten T\u00e4glich ge\u00f6ffnet, sonntags von 10 bis 17 Uhr, bis 20 Uhr. Twitter [&hellip;]","og_url":"https:\/\/gute-quellen.koeln\/ru\/kontakt-2\/","og_site_name":"Gute-Quellen.Koeln","article_modified_time":"2023-12-26T07:14:26+00:00","twitter_card":"summary_large_image","twitter_misc":{"\u041f\u0440\u0438\u043c\u0435\u0440\u043d\u043e\u0435 \u0432\u0440\u0435\u043c\u044f \u0434\u043b\u044f \u0447\u0442\u0435\u043d\u0438\u044f":"1 \u043c\u0438\u043d\u0443\u0442\u0430"},"schema":{"@context":"https:\/\/schema.org","@graph":[{"@type":"WebPage","@id":"https:\/\/gute-quellen.koeln\/kontakt-2\/","url":"https:\/\/gute-quellen.koeln\/kontakt-2\/","name":"Kontakt - Gute-Quellen.Koeln","isPartOf":{"@id":"https:\/\/gute-quellen.koeln\/#website"},"datePublished":"2020-08-19T04:24:29+00:00","dateModified":"2023-12-26T07:14:26+00:00","breadcrumb":{"@id":"https:\/\/gute-quellen.koeln\/kontakt-2\/#breadcrumb"},"inLanguage":"ru-RU","potentialAction":[{"@type":"ReadAction","target":["https:\/\/gute-quellen.koeln\/kontakt-2\/"]}]},{"@type":"BreadcrumbList","@id":"https:\/\/gute-quellen.koeln\/kontakt-2\/#breadcrumb","itemListElement":[{"@type":"ListItem","position":1,"name":"Startseite","item":"https:\/\/gute-quellen.koeln\/"},{"@type":"ListItem","position":2,"name":"Kontakt"}]},{"@type":"WebSite","@id":"https:\/\/gute-quellen.koeln\/#website","url":"https:\/\/gute-quellen.koeln\/","name":"Good-Sources.Cologne","description":"\u0424\u0438\u043d\u0430\u043d\u0441\u043e\u0432\u0430\u044f \u043f\u043e\u043c\u043e\u0449\u044c, \u0441\u043e\u0432\u0435\u0442\u044b, \u0440\u0435\u043a\u043e\u043c\u0435\u043d\u0434\u0430\u0446\u0438\u0438 \u043f\u043e \u044d\u043a\u043e\u043d\u043e\u043c\u0438\u0438 \u0438 \u0443\u0447\u0430\u0441\u0442\u0438\u0435 \u0432 \u0441\u043b\u0443\u0447\u0430\u0435 \u043f\u0440\u0435\u0434\u0441\u0442\u043e\u044f\u0449\u0435\u0439 \u043f\u043e\u0442\u0435\u0440\u0438 \u0436\u0438\u043b\u044c\u044f \u0438 \u043d\u0430\u0434\u0432\u0438\u0433\u0430\u044e\u0449\u0435\u0439\u0441\u044f \u043d\u0438\u0449\u0435\u0442\u044b \u0432 \u0441\u0442\u0430\u0440\u043e\u0441\u0442\u0438.","publisher":{"@id":"https:\/\/gute-quellen.koeln\/#organization"},"potentialAction":[{"@type":"SearchAction","target":{"@type":"EntryPoint","urlTemplate":"https:\/\/gute-quellen.koeln\/?s={search_term_string}"},"query-input":{"@type":"PropertyValueSpecification","valueRequired":true,"valueName":"search_term_string"}}],"inLanguage":"ru-RU"},{"@type":"Organization","@id":"https:\/\/gute-quellen.koeln\/#organization","name":"Medienmanagement Institut e.V.","url":"https:\/\/gute-quellen.koeln\/","logo":{"@type":"ImageObject","inLanguage":"ru-RU","@id":"https:\/\/gute-quellen.koeln\/#\/schema\/logo\/image\/","url":"https:\/\/gute-quellen.koeln\/wp-content\/uploads\/2020\/07\/gute-quellen-logo-ideen-1.png","contentUrl":"https:\/\/gute-quellen.koeln\/wp-content\/uploads\/2020\/07\/gute-quellen-logo-ideen-1.png","width":313,"height":313,"caption":"Medienmanagement Institut e.V."},"image":{"@id":"https:\/\/gute-quellen.koeln\/#\/schema\/logo\/image\/"}}]}},"_links":{"self":[{"href":"https:\/\/gute-quellen.koeln\/ru\/wp-json\/wp\/v2\/pages\/1228","targetHints":{"allow":["GET"]}}],"collection":[{"href":"https:\/\/gute-quellen.koeln\/ru\/wp-json\/wp\/v2\/pages"}],"about":[{"href":"https:\/\/gute-quellen.koeln\/ru\/wp-json\/wp\/v2\/types\/page"}],"author":[{"embeddable":true,"href":"https:\/\/gute-quellen.koeln\/ru\/wp-json\/wp\/v2\/users\/4"}],"replies":[{"embeddable":true,"href":"https:\/\/gute-quellen.koeln\/ru\/wp-json\/wp\/v2\/comments?post=1228"}],"version-history":[{"count":26,"href":"https:\/\/gute-quellen.koeln\/ru\/wp-json\/wp\/v2\/pages\/1228\/revisions"}],"predecessor-version":[{"id":10721,"href":"https:\/\/gute-quellen.koeln\/ru\/wp-json\/wp\/v2\/pages\/1228\/revisions\/10721"}],"wp:attachment":[{"href":"https:\/\/gute-quellen.koeln\/ru\/wp-json\/wp\/v2\/media?parent=1228"}],"curies":[{"name":"wp","href":"https:\/\/api.w.org\/{rel}","templated":true}]}}